{"id":143,"date":"2024-03-09T13:42:41","date_gmt":"2024-03-09T13:42:41","guid":{"rendered":"https:\/\/kentatheme.com\/kenta-creato\/?page_id=143"},"modified":"2024-08-19T04:11:20","modified_gmt":"2024-08-19T02:11:20","slug":"about","status":"publish","type":"page","link":"https:\/\/joincharlotte.fr\/index.php\/about\/","title":{"rendered":"L&#8217;histoire de Charlotte"},"content":{"rendered":"\n<hr class=\"wp-block-separator has-alpha-channel-opacity\"\/>\n\n\n\n<hr class=\"wp-block-separator has-alpha-channel-opacity\"\/>\n\n\n\n<hr class=\"wp-block-separator has-alpha-channel-opacity\"\/>\n\n\n\n<div class=\"wp-block-cover alignfull has-custom-content-position is-position-bottom-center\" style=\"padding-top:var(--wp--preset--spacing--70);padding-bottom:var(--wp--preset--spacing--70);min-height:286px;aspect-ratio:unset;\"><span aria-hidden=\"true\" class=\"wp-block-cover__background has-black-background-color has-background-dim-60 has-background-dim\"><\/span><img loading=\"lazy\" decoding=\"async\" width=\"2560\" height=\"1707\" class=\"wp-block-cover__image-background wp-image-291\" alt=\"\" src=\"https:\/\/joincharlotte.fr\/wp-content\/uploads\/2024\/08\/blur-view-of-street-at-night-2023-11-27-05-00-42-utc-scaled.jpg\" data-object-fit=\"cover\" srcset=\"https:\/\/joincharlotte.fr\/wp-content\/uploads\/2024\/08\/blur-view-of-street-at-night-2023-11-27-05-00-42-utc-scaled.jpg 2560w, https:\/\/joincharlotte.fr\/wp-content\/uploads\/2024\/08\/blur-view-of-street-at-night-2023-11-27-05-00-42-utc-300x200.jpg 300w, https:\/\/joincharlotte.fr\/wp-content\/uploads\/2024\/08\/blur-view-of-street-at-night-2023-11-27-05-00-42-utc-1024x683.jpg 1024w, https:\/\/joincharlotte.fr\/wp-content\/uploads\/2024\/08\/blur-view-of-street-at-night-2023-11-27-05-00-42-utc-768x512.jpg 768w, https:\/\/joincharlotte.fr\/wp-content\/uploads\/2024\/08\/blur-view-of-street-at-night-2023-11-27-05-00-42-utc-1536x1024.jpg 1536w, https:\/\/joincharlotte.fr\/wp-content\/uploads\/2024\/08\/blur-view-of-street-at-night-2023-11-27-05-00-42-utc-2048x1365.jpg 2048w\" sizes=\"auto, (max-width: 2560px) 100vw, 2560px\" \/><div class=\"wp-block-cover__inner-container is-layout-constrained wp-block-cover-is-layout-constrained\">\n<div class=\"wp-block-group is-content-justification-center\"><div class=\"wp-block-group__inner-container is-layout-constrained wp-container-core-group-is-layout-41016391 wp-block-group-is-layout-constrained\"><h1 class=\"has-text-align-center has-link-color wp-elements-0f7d1e4dd4fe1780e1a44df86538a008 wp-block-post-title has-text-color has-white-color has-kenta-font-xlarge-font-size\">L&#8217;histoire de Charlotte<\/h1>\n\n\n<p class=\"has-text-align-center has-text-color has-link-color wp-elements-0695fa3707f50f24155027df92e3a7ab\" style=\"color:#ffffff99\"><strong><mark style=\"background-color:rgba(0, 0, 0, 0)\" class=\"has-inline-color has-theme-palette-9-color\">1 rue 1 nuit 1 exp\u00e9rience&#8230;<\/mark><\/strong><\/p>\n<\/div><\/div>\n<\/div><\/div>\n\n\n\n<figure class=\"wp-block-pullquote has-text-align-center\"><blockquote><p><kbd>Un soir, vers 2h du matin, je rentrais chez moi lorsque j'aper\u00e7us au loin une jeune fille en train de parler \u00e0 deux individus dans une voiture. C'\u00e9tait dans la rue du Port \u00e0 Lille, une rue \u00e0 sens unique. Je me dirigeai vers la voiture et la jeune fille. Le feu \u00e9tait rouge, et celle-ci, en tant que pi\u00e9tonne, traversa le croisement avec le Boulevard Vauban pour venir dans ma direction.<br><br>\u00c0 l'instant o\u00f9 le feu passa au vert, la voiture acc\u00e9l\u00e9ra, la doubla, me doubla \u00e9galement, puis se gara derri\u00e8re moi, du c\u00f4t\u00e9 de la rue d'o\u00f9 venait la jeune fille. Alors que j'arrivais \u00e0 son niveau, je lui demandai si tout allait bien. Elle me r\u00e9pondit simplement : \"Non.\"<br><br>Je m'arr\u00eatai pour observer la sc\u00e8ne. Le conducteur descendit de la voiture et s'approcha d'elle pour lui parler. Peu \u00e0 peu, au fil de la discussion, elle se retrouva dos au mur, coinc\u00e9e. Le second individu sortit de la voiture, et je me dis qu'il fallait que j'intervienne.<br><br>Je me dirigeai vers l'altercation, et \u00e0 ce moment-l\u00e0, quatre filles passaient sur le boulevard. Je les interpellai et leur expliquai que nous pourrions aider la jeune fille en pr\u00e9tendant la conna\u00eetre. Ensemble, nous nous dirige\u00e2mes vers elle en criant : \"Juliette ! Juliette ! Juliette !\"<br><br>Pendant une fraction de seconde, elle ne comprit pas, puis elle joua le jeu. En voyant cinq personnes arriver, les deux individus recul\u00e8rent. Nous continu\u00e2mes \u00e0 marcher dans la m\u00eame direction, comme si de rien n'\u00e9tait. Une fois que la voiture des deux hommes eut disparu, elle s'arr\u00eata. En r\u00e9alit\u00e9, elle s'appelait Charlotte. Elle \u00e9tait coinc\u00e9e, ils la suivaient et tentaient de la forcer \u00e0 monter dans leur voiture<\/kbd><\/p><cite>Ali blali, Fondateur<\/cite><\/blockquote><\/figure>\n\n\n\n<blockquote class=\"wp-block-quote is-layout-flow wp-block-quote-is-layout-flow\">\n<p><\/p>\n<\/blockquote>\n\n\n","protected":false},"excerpt":{"rendered":"<p>Un soir, vers 2h du matin, je rentrais chez moi lorsque j&#8217;aper\u00e7us au loin une jeune fille en train de parler \u00e0 deux individus dans une voiture. C&#8217;\u00e9tait dans la rue du Port \u00e0 Lille, une rue \u00e0 sens unique. Je me dirigeai vers la voiture et la jeune fille. Le feu \u00e9tait rouge, et&#8230;<\/p>\n","protected":false},"author":1,"featured_media":0,"parent":0,"menu_order":0,"comment_status":"closed","ping_status":"closed","template":"","meta":{"_kad_post_transparent":"","_kad_post_title":"","_kad_post_layout":"","_kad_post_sidebar_id":"","_kad_post_content_style":"","_kad_post_vertical_padding":"","_kad_post_feature":"","_kad_post_feature_position":"","_kad_post_header":false,"_kad_post_footer":false,"footnotes":"[]"},"class_list":["post-143","page","type-page","status-publish","hentry"],"yoast_head":"<!-- This site is optimized with the Yoast SEO plugin v27.4 - https:\/\/yoast.com\/product\/yoast-seo-wordpress\/ -->\n<title>L&#039;histoire de Charlotte - JoinCharlotte<\/title>\n<meta name=\"robots\" content=\"index, follow, max-snippet:-1, max-image-preview:large, max-video-preview:-1\" \/>\n<link rel=\"canonical\" href=\"https:\/\/joincharlotte.fr\/index.php\/about\/\" \/>\n<meta property=\"og:locale\" content=\"en_US\" \/>\n<meta property=\"og:type\" content=\"article\" \/>\n<meta property=\"og:title\" content=\"L&#039;histoire de Charlotte - JoinCharlotte\" \/>\n<meta property=\"og:description\" content=\"Un soir, vers 2h du matin, je rentrais chez moi lorsque j&#039;aper\u00e7us au loin une jeune fille en train de parler \u00e0 deux individus dans une voiture. C&#039;\u00e9tait dans la rue du Port \u00e0 Lille, une rue \u00e0 sens unique. Je me dirigeai vers la voiture et la jeune fille. Le feu \u00e9tait rouge, et...\" \/>\n<meta property=\"og:url\" content=\"https:\/\/joincharlotte.fr\/index.php\/about\/\" \/>\n<meta property=\"og:site_name\" content=\"JoinCharlotte\" \/>\n<meta property=\"article:modified_time\" content=\"2024-08-19T02:11:20+00:00\" \/>\n<meta property=\"og:image\" content=\"https:\/\/joincharlotte.fr\/wp-content\/uploads\/2024\/08\/blur-view-of-street-at-night-2023-11-27-05-00-42-utc-scaled.jpg\" \/>\n<meta name=\"twitter:card\" content=\"summary_large_image\" \/>\n<meta name=\"twitter:label1\" content=\"Est. reading time\" \/>\n\t<meta name=\"twitter:data1\" content=\"1 minute\" \/>\n<script type=\"application\/ld+json\" class=\"yoast-schema-graph\">{\"@context\":\"https:\\\/\\\/schema.org\",\"@graph\":[{\"@type\":\"WebPage\",\"@id\":\"https:\\\/\\\/joincharlotte.fr\\\/index.php\\\/about\\\/\",\"url\":\"https:\\\/\\\/joincharlotte.fr\\\/index.php\\\/about\\\/\",\"name\":\"L'histoire de Charlotte - JoinCharlotte\",\"isPartOf\":{\"@id\":\"https:\\\/\\\/joincharlotte.fr\\\/#website\"},\"primaryImageOfPage\":{\"@id\":\"https:\\\/\\\/joincharlotte.fr\\\/index.php\\\/about\\\/#primaryimage\"},\"image\":{\"@id\":\"https:\\\/\\\/joincharlotte.fr\\\/index.php\\\/about\\\/#primaryimage\"},\"thumbnailUrl\":\"https:\\\/\\\/joincharlotte.fr\\\/wp-content\\\/uploads\\\/2024\\\/08\\\/blur-view-of-street-at-night-2023-11-27-05-00-42-utc-scaled.jpg\",\"datePublished\":\"2024-03-09T13:42:41+00:00\",\"dateModified\":\"2024-08-19T02:11:20+00:00\",\"breadcrumb\":{\"@id\":\"https:\\\/\\\/joincharlotte.fr\\\/index.php\\\/about\\\/#breadcrumb\"},\"inLanguage\":\"en-US\",\"potentialAction\":[{\"@type\":\"ReadAction\",\"target\":[\"https:\\\/\\\/joincharlotte.fr\\\/index.php\\\/about\\\/\"]}]},{\"@type\":\"ImageObject\",\"inLanguage\":\"en-US\",\"@id\":\"https:\\\/\\\/joincharlotte.fr\\\/index.php\\\/about\\\/#primaryimage\",\"url\":\"https:\\\/\\\/joincharlotte.fr\\\/wp-content\\\/uploads\\\/2024\\\/08\\\/blur-view-of-street-at-night-2023-11-27-05-00-42-utc-scaled.jpg\",\"contentUrl\":\"https:\\\/\\\/joincharlotte.fr\\\/wp-content\\\/uploads\\\/2024\\\/08\\\/blur-view-of-street-at-night-2023-11-27-05-00-42-utc-scaled.jpg\",\"width\":2560,\"height\":1707,\"caption\":\"Blur view of street at night\"},{\"@type\":\"BreadcrumbList\",\"@id\":\"https:\\\/\\\/joincharlotte.fr\\\/index.php\\\/about\\\/#breadcrumb\",\"itemListElement\":[{\"@type\":\"ListItem\",\"position\":1,\"name\":\"Accueil\",\"item\":\"https:\\\/\\\/joincharlotte.fr\\\/\"},{\"@type\":\"ListItem\",\"position\":2,\"name\":\"L&rsquo;histoire de Charlotte\"}]},{\"@type\":\"WebSite\",\"@id\":\"https:\\\/\\\/joincharlotte.fr\\\/#website\",\"url\":\"https:\\\/\\\/joincharlotte.fr\\\/\",\"name\":\"JoinCharlotte\",\"description\":\"\",\"publisher\":{\"@id\":\"https:\\\/\\\/joincharlotte.fr\\\/#organization\"},\"potentialAction\":[{\"@type\":\"SearchAction\",\"target\":{\"@type\":\"EntryPoint\",\"urlTemplate\":\"https:\\\/\\\/joincharlotte.fr\\\/?s={search_term_string}\"},\"query-input\":{\"@type\":\"PropertyValueSpecification\",\"valueRequired\":true,\"valueName\":\"search_term_string\"}}],\"inLanguage\":\"en-US\"},{\"@type\":\"Organization\",\"@id\":\"https:\\\/\\\/joincharlotte.fr\\\/#organization\",\"name\":\"JoinCharlotte\",\"url\":\"https:\\\/\\\/joincharlotte.fr\\\/\",\"logo\":{\"@type\":\"ImageObject\",\"inLanguage\":\"en-US\",\"@id\":\"https:\\\/\\\/joincharlotte.fr\\\/#\\\/schema\\\/logo\\\/image\\\/\",\"url\":\"https:\\\/\\\/joincharlotte.fr\\\/wp-content\\\/uploads\\\/2024\\\/06\\\/cropped-logo.png\",\"contentUrl\":\"https:\\\/\\\/joincharlotte.fr\\\/wp-content\\\/uploads\\\/2024\\\/06\\\/cropped-logo.png\",\"width\":1918,\"height\":767,\"caption\":\"JoinCharlotte\"},\"image\":{\"@id\":\"https:\\\/\\\/joincharlotte.fr\\\/#\\\/schema\\\/logo\\\/image\\\/\"}}]}<\/script>\n<!-- \/ Yoast SEO plugin. -->","yoast_head_json":{"title":"L'histoire de Charlotte - JoinCharlotte","robots":{"index":"index","follow":"follow","max-snippet":"max-snippet:-1","max-image-preview":"max-image-preview:large","max-video-preview":"max-video-preview:-1"},"canonical":"https:\/\/joincharlotte.fr\/index.php\/about\/","og_locale":"en_US","og_type":"article","og_title":"L'histoire de Charlotte - JoinCharlotte","og_description":"Un soir, vers 2h du matin, je rentrais chez moi lorsque j'aper\u00e7us au loin une jeune fille en train de parler \u00e0 deux individus dans une voiture. C'\u00e9tait dans la rue du Port \u00e0 Lille, une rue \u00e0 sens unique. Je me dirigeai vers la voiture et la jeune fille. Le feu \u00e9tait rouge, et...","og_url":"https:\/\/joincharlotte.fr\/index.php\/about\/","og_site_name":"JoinCharlotte","article_modified_time":"2024-08-19T02:11:20+00:00","og_image":[{"url":"https:\/\/joincharlotte.fr\/wp-content\/uploads\/2024\/08\/blur-view-of-street-at-night-2023-11-27-05-00-42-utc-scaled.jpg","type":"","width":"","height":""}],"twitter_card":"summary_large_image","twitter_misc":{"Est. reading time":"1 minute"},"schema":{"@context":"https:\/\/schema.org","@graph":[{"@type":"WebPage","@id":"https:\/\/joincharlotte.fr\/index.php\/about\/","url":"https:\/\/joincharlotte.fr\/index.php\/about\/","name":"L'histoire de Charlotte - JoinCharlotte","isPartOf":{"@id":"https:\/\/joincharlotte.fr\/#website"},"primaryImageOfPage":{"@id":"https:\/\/joincharlotte.fr\/index.php\/about\/#primaryimage"},"image":{"@id":"https:\/\/joincharlotte.fr\/index.php\/about\/#primaryimage"},"thumbnailUrl":"https:\/\/joincharlotte.fr\/wp-content\/uploads\/2024\/08\/blur-view-of-street-at-night-2023-11-27-05-00-42-utc-scaled.jpg","datePublished":"2024-03-09T13:42:41+00:00","dateModified":"2024-08-19T02:11:20+00:00","breadcrumb":{"@id":"https:\/\/joincharlotte.fr\/index.php\/about\/#breadcrumb"},"inLanguage":"en-US","potentialAction":[{"@type":"ReadAction","target":["https:\/\/joincharlotte.fr\/index.php\/about\/"]}]},{"@type":"ImageObject","inLanguage":"en-US","@id":"https:\/\/joincharlotte.fr\/index.php\/about\/#primaryimage","url":"https:\/\/joincharlotte.fr\/wp-content\/uploads\/2024\/08\/blur-view-of-street-at-night-2023-11-27-05-00-42-utc-scaled.jpg","contentUrl":"https:\/\/joincharlotte.fr\/wp-content\/uploads\/2024\/08\/blur-view-of-street-at-night-2023-11-27-05-00-42-utc-scaled.jpg","width":2560,"height":1707,"caption":"Blur view of street at night"},{"@type":"BreadcrumbList","@id":"https:\/\/joincharlotte.fr\/index.php\/about\/#breadcrumb","itemListElement":[{"@type":"ListItem","position":1,"name":"Accueil","item":"https:\/\/joincharlotte.fr\/"},{"@type":"ListItem","position":2,"name":"L&rsquo;histoire de Charlotte"}]},{"@type":"WebSite","@id":"https:\/\/joincharlotte.fr\/#website","url":"https:\/\/joincharlotte.fr\/","name":"JoinCharlotte","description":"","publisher":{"@id":"https:\/\/joincharlotte.fr\/#organization"},"potentialAction":[{"@type":"SearchAction","target":{"@type":"EntryPoint","urlTemplate":"https:\/\/joincharlotte.fr\/?s={search_term_string}"},"query-input":{"@type":"PropertyValueSpecification","valueRequired":true,"valueName":"search_term_string"}}],"inLanguage":"en-US"},{"@type":"Organization","@id":"https:\/\/joincharlotte.fr\/#organization","name":"JoinCharlotte","url":"https:\/\/joincharlotte.fr\/","logo":{"@type":"ImageObject","inLanguage":"en-US","@id":"https:\/\/joincharlotte.fr\/#\/schema\/logo\/image\/","url":"https:\/\/joincharlotte.fr\/wp-content\/uploads\/2024\/06\/cropped-logo.png","contentUrl":"https:\/\/joincharlotte.fr\/wp-content\/uploads\/2024\/06\/cropped-logo.png","width":1918,"height":767,"caption":"JoinCharlotte"},"image":{"@id":"https:\/\/joincharlotte.fr\/#\/schema\/logo\/image\/"}}]}},"_links":{"self":[{"href":"https:\/\/joincharlotte.fr\/index.php\/wp-json\/wp\/v2\/pages\/143","targetHints":{"allow":["GET"]}}],"collection":[{"href":"https:\/\/joincharlotte.fr\/index.php\/wp-json\/wp\/v2\/pages"}],"about":[{"href":"https:\/\/joincharlotte.fr\/index.php\/wp-json\/wp\/v2\/types\/page"}],"author":[{"embeddable":true,"href":"https:\/\/joincharlotte.fr\/index.php\/wp-json\/wp\/v2\/users\/1"}],"replies":[{"embeddable":true,"href":"https:\/\/joincharlotte.fr\/index.php\/wp-json\/wp\/v2\/comments?post=143"}],"version-history":[{"count":17,"href":"https:\/\/joincharlotte.fr\/index.php\/wp-json\/wp\/v2\/pages\/143\/revisions"}],"predecessor-version":[{"id":382,"href":"https:\/\/joincharlotte.fr\/index.php\/wp-json\/wp\/v2\/pages\/143\/revisions\/382"}],"wp:attachment":[{"href":"https:\/\/joincharlotte.fr\/index.php\/wp-json\/wp\/v2\/media?parent=143"}],"curies":[{"name":"wp","href":"https:\/\/api.w.org\/{rel}","templated":true}]}}